{"id":653,"date":"2017-09-13T04:45:56","date_gmt":"2017-09-13T04:45:56","guid":{"rendered":"http:\/\/demo.archiwp.com\/fresh-version\/?page_id=653"},"modified":"2017-11-25T15:36:04","modified_gmt":"2017-11-25T15:36:04","slug":"servicos","status":"publish","type":"page","link":"http:\/\/www.valni-rev.pt\/v\/servicos\/","title":{"rendered":"Servi\u00e7os"},"content":{"rendered":"<div class=\"wpb-content-wrapper\"><p>[vc_row css=&#8221;.vc_custom_1511540358041{padding-top: 30px !important;}&#8221;][vc_column]\n\t<!-- Element: OT Heading --> \t \n\t<h2 class=\"ot_custom_heading  \" style=\"text-align: center;\" >ESPECIALIDADES<\/h2>\t\n[\/vc_column][\/vc_row][vc_row][vc_column]\t\t\t\n\t<!-- Element: OT why choose us -->\n\t<div class=\"box-number square\">\n        <span class=\"number bg-color wow rotateIn\" data-wow-delay=\"1s\"> 1<\/span>\n        <div class=\"text\">\n            <h3>\n\t              \n\t\t\t\t\t<span class=\"id-color\">Revestimento de pavimentos<\/span>\n\t\t\t\t \n\t\t\t<\/h3>\n            <p>Em resina ep\u00f3xi ou de poliuretano<br \/>\n<\/p>\n        <\/div>\n    <\/div>\n    \n[\/vc_column][\/vc_row][vc_row css=&#8221;.vc_custom_1511623287436{padding-left: 30px !important;}&#8221;][vc_column width=&#8221;1\/12&#8243;][\/vc_column][vc_column width=&#8221;5\/12&#8243;][vc_column_text]<strong>Ideal para:<\/strong><br \/>\n&#8211; Interior \/ exterior;<br \/>\n&#8211; Ind\u00fastrias e armaz\u00e9ns;<br \/>\n&#8211; Escrit\u00f3rios e espa\u00e7os comerciais;<br \/>\n&#8211; Escolas, pavilh\u00f5es gimnodesportivos;<br \/>\n&#8211; Habita\u00e7\u00f5es, lares e hot\u00e9is;<br \/>\n&#8211; Parques de estacionamento;<br \/>\n&#8211; Garagens.[\/vc_column_text][\/vc_column][vc_column width=&#8221;5\/12&#8243;][vc_column_text]<strong>Vantagens:<\/strong><br \/>\n&#8211; Design contempor\u00e2neo;<br \/>\n&#8211; Permite a personaliza\u00e7\u00e3o de textura e cor;<br \/>\n&#8211; Pavimento cont\u00ednuo;<br \/>\n&#8211; Ader\u00eancia a quase todas as superf\u00edcies;<br \/>\n&#8211; Grande resist\u00eancia qu\u00edmica e ao desgaste;<br \/>\n&#8211; Elevada durabilidade;<br \/>\n&#8211; F\u00e1cil limpeza e manuten\u00e7\u00e3o.[\/vc_column_text][\/vc_column][\/vc_row][vc_row css=&#8221;.vc_custom_1511623323460{padding-top: 30px !important;padding-bottom: 90px !important;background-position: center !important;background-repeat: no-repeat !important;background-size: cover !important;}&#8221;][vc_column width=&#8221;1\/3&#8243; animate=&#8221;fadein&#8221; delay=&#8221;0.5&#8243; css=&#8221;.vc_custom_1511623142419{padding-right: 30px !important;}&#8221;]\t\t\t\n\t<!-- Element: OT why choose us -->\n\t<div class=\"box-number square\">\n        <span class=\"number bg-color wow rotateIn\" data-wow-delay=\".75s\"> 2<\/span>\n        <div class=\"text\">\n            <h3>\n\t              \n\t\t\t\t\t<span class=\"id-color\">Revestimento de paredes<\/span>\n\t\t\t\t \n\t\t\t<\/h3>\n            <p>Uniformes ou decorativos em resina ep\u00f3xi ou de poliuretano.<br \/>\n<\/p>\n        <\/div>\n    <\/div>\n    \n[\/vc_column][vc_column width=&#8221;1\/3&#8243; animate=&#8221;fadein&#8221; delay=&#8221;0.75&#8243; css=&#8221;.vc_custom_1511623150680{padding-right: 30px !important;}&#8221;]\t\t\t\n\t<!-- Element: OT why choose us -->\n\t<div class=\"box-number square\">\n        <span class=\"number bg-color wow rotateIn\" data-wow-delay=\"1s\"> 3<\/span>\n        <div class=\"text\">\n            <h3>\n\t              \n\t\t\t\t\t<span class=\"id-color\">Impermeabiliza\u00e7\u00f5es<\/span>\n\t\t\t\t \n\t\t\t<\/h3>\n            <p>Tratamento de humidades e infiltra\u00e7\u00f5es.<br \/>\n<\/p>\n        <\/div>\n    <\/div>\n    \n[\/vc_column][vc_column width=&#8221;1\/3&#8243; animate=&#8221;fadein&#8221; delay=&#8221;1&#8243; css=&#8221;.vc_custom_1511623161544{padding-right: 15px !important;}&#8221;]\t\t\t\n\t<!-- Element: OT why choose us -->\n\t<div class=\"box-number square\">\n        <span class=\"number bg-color wow rotateIn\" data-wow-delay=\"1.25s\"> 4<\/span>\n        <div class=\"text\">\n            <h3>\n\t              \n\t\t\t\t\t<span class=\"id-color\">Envernizamentos<\/span>\n\t\t\t\t \n\t\t\t<\/h3>\n            <p>Protec\u00e7\u00e3o com acabamento mate ou brilhante.<br \/>\n<\/p>\n        <\/div>\n    <\/div>\n    \n[\/vc_column][vc_column][vc_empty_space height=&#8221;72px&#8221;][\/vc_column][vc_column width=&#8221;1\/3&#8243; animate=&#8221;fadein&#8221; delay=&#8221;1.25&#8243; css=&#8221;.vc_custom_1511623198204{padding-right: 30px !important;}&#8221;]\t\t\t\n\t<!-- Element: OT why choose us -->\n\t<div class=\"box-number square\">\n        <span class=\"number bg-color wow rotateIn\" data-wow-delay=\"1.5s\"> 5<\/span>\n        <div class=\"text\">\n            <h3>\n\t              \n\t\t\t\t\t<span class=\"id-color\">Pinturas<\/span>\n\t\t\t\t \n\t\t\t<\/h3>\n            <p>Exteriores e interiores.<br \/>\n<\/p>\n        <\/div>\n    <\/div>\n    \n[\/vc_column][vc_column width=&#8221;1\/3&#8243; animate=&#8221;fadein&#8221; delay=&#8221;1.5&#8243; css=&#8221;.vc_custom_1511623208351{padding-right: 30px !important;}&#8221;]\t\t\t\n\t<!-- Element: OT why choose us -->\n\t<div class=\"box-number square\">\n        <span class=\"number bg-color wow rotateIn\" data-wow-delay=\"1.75s\"> 6<\/span>\n        <div class=\"text\">\n            <h3>\n\t              \n\t\t\t\t\t<span class=\"id-color\">Sinaliza\u00e7\u00f5es<\/span>\n\t\t\t\t \n\t\t\t<\/h3>\n            <p>De seguran\u00e7a e estacionamento.<br \/>\n<\/p>\n        <\/div>\n    <\/div>\n    \n[\/vc_column][vc_column width=&#8221;1\/3&#8243; animate=&#8221;fadein&#8221; delay=&#8221;1.75&#8243; css=&#8221;.vc_custom_1511623217636{padding-right: 15px !important;}&#8221;]\t\t\t\n\t<!-- Element: OT why choose us -->\n\t<div class=\"box-number square\">\n        <span class=\"number bg-color wow rotateIn\" data-wow-delay=\"2s\"> 7<\/span>\n        <div class=\"text\">\n            <h3>\n\t              \n\t\t\t\t\t<span class=\"id-color\">Aplica\u00e7\u00e3o de pisos de borracha<\/span>\n\t\t\t\t \n\t\t\t<\/h3>\n            <p>Para absor\u00e7\u00e3o de impacto<\/p>\n        <\/div>\n    <\/div>\n    \n[\/vc_column][\/vc_row][vc_row el_class=&#8221;call-to-action bg-color text-center text-dark padding40&#8243;][vc_column width=&#8221;2\/3&#8243;]\n\t<!-- Element: OT Heading --> \t \n\t<h2 class=\"ot_custom_heading  \" style=\"text-align: left;\" >Tem uma superf\u00edcie para revestir?<\/h2>\t\n[\/vc_column][vc_column width=&#8221;1\/3&#8243; animate=&#8221;fadeinup&#8221; css=&#8221;.vc_custom_1511361426302{padding-top: 20px !important;}&#8221;]\t\t\t\n\t<!-- Element: OT Button --> \n\t\t\t<a href=\"http:\/\/www.valni-rev.pt\/v\/contacto\/\" target=\"_self\" class=\"btn btn-line-black btn-big vc_custom_1511623409368 \">Fale connosco<\/a>\n\t    \n[\/vc_column][\/vc_row]<\/p>\n<\/div>","protected":false},"excerpt":{"rendered":"<p>[vc_row css=&#8221;.vc_custom_1511540358041{padding-top: 30px !important;}&#8221;][vc_column][\/vc_column][\/vc_row][vc_row][vc_column][\/vc_column][\/vc_row][vc_row css=&#8221;.vc_custom_1511623287436{padding-left: 30px !important;}&#8221;][vc_column width=&#8221;1\/12&#8243;][\/vc_column][vc_column width=&#8221;5\/12&#8243;][vc_column_text]Ideal para: &#8211; Interior \/ exterior; &#8211; Ind\u00fastrias e armaz\u00e9ns; &#8211; Escrit\u00f3rios e espa\u00e7os comerciais; &#8211; Escolas, pavilh\u00f5es gimnodesportivos; &#8211; Habita\u00e7\u00f5es, lares e hot\u00e9is; &#8211; Parques de estacionamento; &#8211; Garagens.[\/vc_column_text][\/vc_column][vc_column width=&#8221;5\/12&#8243;][vc_column_text]Vantagens: &#8211; Design contempor\u00e2neo; &#8211; Permite a personaliza\u00e7\u00e3o de textura e cor; &#8211; Pavimento cont\u00ednuo; &#8211; Ader\u00eancia [&hellip;]<\/p>\n","protected":false},"author":1,"featured_media":0,"parent":0,"menu_order":0,"comment_status":"closed","ping_status":"closed","template":"page-templates\/template-fullwidth.php","meta":{"footnotes":""},"class_list":["post-653","page","type-page","status-publish","hentry"],"yoast_head":"<!-- This site is optimized with the Yoast SEO plugin v27.4 - https:\/\/yoast.com\/product\/yoast-seo-wordpress\/ -->\n<title>Servi\u00e7os - VALNI REV<\/title>\n<meta name=\"robots\" content=\"index, follow, max-snippet:-1, max-image-preview:large, max-video-preview:-1\" \/>\n<link rel=\"canonical\" href=\"http:\/\/www.valni-rev.pt\/v\/servicos\/\" \/>\n<meta property=\"og:locale\" content=\"pt_PT\" \/>\n<meta property=\"og:type\" content=\"article\" \/>\n<meta property=\"og:title\" content=\"Servi\u00e7os - VALNI REV\" \/>\n<meta property=\"og:description\" content=\"[vc_row css=&#8221;.vc_custom_1511540358041{padding-top: 30px !important;}&#8221;][vc_column][\/vc_column][\/vc_row][vc_row][vc_column][\/vc_column][\/vc_row][vc_row css=&#8221;.vc_custom_1511623287436{padding-left: 30px !important;}&#8221;][vc_column width=&#8221;1\/12&#8243;][\/vc_column][vc_column width=&#8221;5\/12&#8243;][vc_column_text]Ideal para: &#8211; Interior \/ exterior; &#8211; Ind\u00fastrias e armaz\u00e9ns; &#8211; Escrit\u00f3rios e espa\u00e7os comerciais; &#8211; Escolas, pavilh\u00f5es gimnodesportivos; &#8211; Habita\u00e7\u00f5es, lares e hot\u00e9is; &#8211; Parques de estacionamento; &#8211; Garagens.[\/vc_column_text][\/vc_column][vc_column width=&#8221;5\/12&#8243;][vc_column_text]Vantagens: &#8211; Design contempor\u00e2neo; &#8211; Permite a personaliza\u00e7\u00e3o de textura e cor; &#8211; Pavimento cont\u00ednuo; &#8211; Ader\u00eancia [&hellip;]\" \/>\n<meta property=\"og:url\" content=\"http:\/\/www.valni-rev.pt\/v\/servicos\/\" \/>\n<meta property=\"og:site_name\" content=\"VALNI REV\" \/>\n<meta property=\"article:modified_time\" content=\"2017-11-25T15:36:04+00:00\" \/>\n<meta name=\"twitter:card\" content=\"summary_large_image\" \/>\n<meta name=\"twitter:label1\" content=\"Tempo estimado de leitura\" \/>\n\t<meta name=\"twitter:data1\" content=\"2 minutos\" \/>\n<script type=\"application\/ld+json\" class=\"yoast-schema-graph\">{\"@context\":\"https:\\\/\\\/schema.org\",\"@graph\":[{\"@type\":\"WebPage\",\"@id\":\"http:\\\/\\\/www.valni-rev.pt\\\/v\\\/servicos\\\/\",\"url\":\"http:\\\/\\\/www.valni-rev.pt\\\/v\\\/servicos\\\/\",\"name\":\"Servi\u00e7os - VALNI REV\",\"isPartOf\":{\"@id\":\"https:\\\/\\\/www.valni-rev.pt\\\/v\\\/#website\"},\"datePublished\":\"2017-09-13T04:45:56+00:00\",\"dateModified\":\"2017-11-25T15:36:04+00:00\",\"breadcrumb\":{\"@id\":\"http:\\\/\\\/www.valni-rev.pt\\\/v\\\/servicos\\\/#breadcrumb\"},\"inLanguage\":\"pt-PT\",\"potentialAction\":[{\"@type\":\"ReadAction\",\"target\":[\"http:\\\/\\\/www.valni-rev.pt\\\/v\\\/servicos\\\/\"]}]},{\"@type\":\"BreadcrumbList\",\"@id\":\"http:\\\/\\\/www.valni-rev.pt\\\/v\\\/servicos\\\/#breadcrumb\",\"itemListElement\":[{\"@type\":\"ListItem\",\"position\":1,\"name\":\"In\u00edcio\",\"item\":\"https:\\\/\\\/www.valni-rev.pt\\\/v\\\/\"},{\"@type\":\"ListItem\",\"position\":2,\"name\":\"Servi\u00e7os\"}]},{\"@type\":\"WebSite\",\"@id\":\"https:\\\/\\\/www.valni-rev.pt\\\/v\\\/#website\",\"url\":\"https:\\\/\\\/www.valni-rev.pt\\\/v\\\/\",\"name\":\"VALNI REV\",\"description\":\"Revestimentos\",\"potentialAction\":[{\"@type\":\"SearchAction\",\"target\":{\"@type\":\"EntryPoint\",\"urlTemplate\":\"https:\\\/\\\/www.valni-rev.pt\\\/v\\\/?s={search_term_string}\"},\"query-input\":{\"@type\":\"PropertyValueSpecification\",\"valueRequired\":true,\"valueName\":\"search_term_string\"}}],\"inLanguage\":\"pt-PT\"}]}<\/script>\n<!-- \/ Yoast SEO plugin. -->","yoast_head_json":{"title":"Servi\u00e7os - VALNI REV","robots":{"index":"index","follow":"follow","max-snippet":"max-snippet:-1","max-image-preview":"max-image-preview:large","max-video-preview":"max-video-preview:-1"},"canonical":"http:\/\/www.valni-rev.pt\/v\/servicos\/","og_locale":"pt_PT","og_type":"article","og_title":"Servi\u00e7os - VALNI REV","og_description":"[vc_row css=&#8221;.vc_custom_1511540358041{padding-top: 30px !important;}&#8221;][vc_column][\/vc_column][\/vc_row][vc_row][vc_column][\/vc_column][\/vc_row][vc_row css=&#8221;.vc_custom_1511623287436{padding-left: 30px !important;}&#8221;][vc_column width=&#8221;1\/12&#8243;][\/vc_column][vc_column width=&#8221;5\/12&#8243;][vc_column_text]Ideal para: &#8211; Interior \/ exterior; &#8211; Ind\u00fastrias e armaz\u00e9ns; &#8211; Escrit\u00f3rios e espa\u00e7os comerciais; &#8211; Escolas, pavilh\u00f5es gimnodesportivos; &#8211; Habita\u00e7\u00f5es, lares e hot\u00e9is; &#8211; Parques de estacionamento; &#8211; Garagens.[\/vc_column_text][\/vc_column][vc_column width=&#8221;5\/12&#8243;][vc_column_text]Vantagens: &#8211; Design contempor\u00e2neo; &#8211; Permite a personaliza\u00e7\u00e3o de textura e cor; &#8211; Pavimento cont\u00ednuo; &#8211; Ader\u00eancia [&hellip;]","og_url":"http:\/\/www.valni-rev.pt\/v\/servicos\/","og_site_name":"VALNI REV","article_modified_time":"2017-11-25T15:36:04+00:00","twitter_card":"summary_large_image","twitter_misc":{"Tempo estimado de leitura":"2 minutos"},"schema":{"@context":"https:\/\/schema.org","@graph":[{"@type":"WebPage","@id":"http:\/\/www.valni-rev.pt\/v\/servicos\/","url":"http:\/\/www.valni-rev.pt\/v\/servicos\/","name":"Servi\u00e7os - VALNI REV","isPartOf":{"@id":"https:\/\/www.valni-rev.pt\/v\/#website"},"datePublished":"2017-09-13T04:45:56+00:00","dateModified":"2017-11-25T15:36:04+00:00","breadcrumb":{"@id":"http:\/\/www.valni-rev.pt\/v\/servicos\/#breadcrumb"},"inLanguage":"pt-PT","potentialAction":[{"@type":"ReadAction","target":["http:\/\/www.valni-rev.pt\/v\/servicos\/"]}]},{"@type":"BreadcrumbList","@id":"http:\/\/www.valni-rev.pt\/v\/servicos\/#breadcrumb","itemListElement":[{"@type":"ListItem","position":1,"name":"In\u00edcio","item":"https:\/\/www.valni-rev.pt\/v\/"},{"@type":"ListItem","position":2,"name":"Servi\u00e7os"}]},{"@type":"WebSite","@id":"https:\/\/www.valni-rev.pt\/v\/#website","url":"https:\/\/www.valni-rev.pt\/v\/","name":"VALNI REV","description":"Revestimentos","potentialAction":[{"@type":"SearchAction","target":{"@type":"EntryPoint","urlTemplate":"https:\/\/www.valni-rev.pt\/v\/?s={search_term_string}"},"query-input":{"@type":"PropertyValueSpecification","valueRequired":true,"valueName":"search_term_string"}}],"inLanguage":"pt-PT"}]}},"_links":{"self":[{"href":"http:\/\/www.valni-rev.pt\/v\/wp-json\/wp\/v2\/pages\/653","targetHints":{"allow":["GET"]}}],"collection":[{"href":"http:\/\/www.valni-rev.pt\/v\/wp-json\/wp\/v2\/pages"}],"about":[{"href":"http:\/\/www.valni-rev.pt\/v\/wp-json\/wp\/v2\/types\/page"}],"author":[{"embeddable":true,"href":"http:\/\/www.valni-rev.pt\/v\/wp-json\/wp\/v2\/users\/1"}],"replies":[{"embeddable":true,"href":"http:\/\/www.valni-rev.pt\/v\/wp-json\/wp\/v2\/comments?post=653"}],"version-history":[{"count":142,"href":"http:\/\/www.valni-rev.pt\/v\/wp-json\/wp\/v2\/pages\/653\/revisions"}],"predecessor-version":[{"id":882,"href":"http:\/\/www.valni-rev.pt\/v\/wp-json\/wp\/v2\/pages\/653\/revisions\/882"}],"wp:attachment":[{"href":"http:\/\/www.valni-rev.pt\/v\/wp-json\/wp\/v2\/media?parent=653"}],"curies":[{"name":"wp","href":"https:\/\/api.w.org\/{rel}","templated":true}]}}