{"id":110,"date":"2017-09-13T04:15:48","date_gmt":"2017-09-13T04:15:48","guid":{"rendered":"http:\/\/demo.archiwp.com\/fresh-version\/?page_id=110"},"modified":"2017-12-20T10:13:33","modified_gmt":"2017-12-20T10:13:33","slug":"empresa-2","status":"publish","type":"page","link":"http:\/\/www.valni-rev.pt\/v\/empresa-2\/","title":{"rendered":"Empresa"},"content":{"rendered":"<div class=\"wpb-content-wrapper\"><p>[vc_row fullwidth=&#8221;yes&#8221; css=&#8221;.vc_custom_1474447018555{background-position: 0 0 !important;background-repeat: no-repeat !important;}&#8221; el_class=&#8221;side-bg no-padding&#8221;][vc_column]\t<!-- Element: OT Quick Office -->\n\t<div class=\"side-bg\">\n\n\t\t<div class=\"image-container hidden-xs pull-left col-md-5\" style=\"background-image:url(http:\/\/www.valni-rev.pt\/v\/wp-content\/uploads\/2017\/11\/empresa.jpg); ?>\" data-delay=\"0\"><\/div>\n\n\t\t<!-- Added this code in 26\/03\/2019 -->\n\t\t<img decoding=\"async\" class=\"visible-xs img-responsive\" src=\"http:\/\/www.valni-rev.pt\/v\/wp-content\/uploads\/2017\/11\/empresa.jpg\" \/>\n\n        <div class=\"container\">\n            <div class=\"row\">\n                <div class=\"inner-padding\">\n                    <div class=\"col-md-6 col-md-offset-6 wow fadeInRight\" data-wow-delay=\".2s\">\n                        <h2>EMPRESA<\/h2><br\/>\n                        <strong class=\"intro\">Com sede na Batalha, a nossa empresa tem como principal objectivo satisfazer os seus clientes analisando criteriosamente cada situa\u00e7\u00e3o e corresponder com a solu\u00e7\u00e3o mais adequada.<\/strong><\/p>\n<p>Contando com a vasta experi\u00eancia dos nossos funcion\u00e1rios, dedicamo-nos\u00a0aos revestimentos de qualquer superf\u00edcie neste momento mais direccionados para revestimentos em resinas epox\u00eddicas e de poliuretano, assim como impermeabiliza\u00e7\u00f5es,\u00a0aplicando materiais de m\u00e1xima confian\u00e7a e utilizando equipamentos espec\u00edficos e precisos.<br \/>\nProcuramos muito em breve expandir a nossa gama de servi\u00e7os para dispormos de solu\u00e7\u00f5es mais abrangentes.                    <\/div>\n                    <div class=\"clearfix\"><\/div>\n                <\/div>\n            <\/div>\n        <\/div>\n\t<\/div>\n\n[\/vc_column][\/vc_row][vc_row el_class=&#8221;call-to-action bg-color text-center&#8221; css=&#8221;.vc_custom_1511370241738{padding-top: 20px !important;padding-bottom: 20px !important;}&#8221;][vc_column width=&#8221;2\/3&#8243;]\n\t<!-- Element: OT Heading --> \t \n\t<h2 class=\"ot_custom_heading  \" style=\"text-align: left;\" >Necessita de servi\u00e7os de pintura?<\/h2>\t\n[\/vc_column][vc_column width=&#8221;1\/3&#8243; css=&#8221;.vc_custom_1511370286685{padding-top: 25px !important;}&#8221;]\t\t\t\n\t<!-- Element: OT Button --> \n\t\t\t<a href=\"http:\/\/www.valni-rev.pt\/v\/contacto\/\" target=\"_self\" class=\"btn btn-line-black btn-big  \">Fale connosco<\/a>\n\t    \n[\/vc_column][\/vc_row]<\/p>\n<\/div>","protected":false},"excerpt":{"rendered":"<p>[vc_row fullwidth=&#8221;yes&#8221; css=&#8221;.vc_custom_1474447018555{background-position: 0 0 !important;background-repeat: no-repeat !important;}&#8221; el_class=&#8221;side-bg no-padding&#8221;][vc_column][\/vc_column][\/vc_row][vc_row el_class=&#8221;call-to-action bg-color text-center&#8221; css=&#8221;.vc_custom_1511370241738{padding-top: 20px !important;padding-bottom: 20px !important;}&#8221;][vc_column width=&#8221;2\/3&#8243;][\/vc_column][vc_column width=&#8221;1\/3&#8243; css=&#8221;.vc_custom_1511370286685{padding-top: 25px !important;}&#8221;][\/vc_column][\/vc_row]<\/p>\n","protected":false},"author":1,"featured_media":0,"parent":0,"menu_order":0,"comment_status":"closed","ping_status":"closed","template":"page-templates\/template-fullwidth.php","meta":{"footnotes":""},"class_list":["post-110","page","type-page","status-publish","hentry"],"yoast_head":"<!-- This site is optimized with the Yoast SEO plugin v27.4 - https:\/\/yoast.com\/product\/yoast-seo-wordpress\/ -->\n<title>Empresa - VALNI REV<\/title>\n<meta name=\"robots\" content=\"index, follow, max-snippet:-1, max-image-preview:large, max-video-preview:-1\" \/>\n<link rel=\"canonical\" href=\"https:\/\/www.valni-rev.pt\/v\/empresa-2\/\" \/>\n<meta property=\"og:locale\" content=\"pt_PT\" \/>\n<meta property=\"og:type\" content=\"article\" \/>\n<meta property=\"og:title\" content=\"Empresa - VALNI REV\" \/>\n<meta property=\"og:description\" content=\"[vc_row fullwidth=&#8221;yes&#8221; css=&#8221;.vc_custom_1474447018555{background-position: 0 0 !important;background-repeat: no-repeat !important;}&#8221; el_class=&#8221;side-bg no-padding&#8221;][vc_column][\/vc_column][\/vc_row][vc_row el_class=&#8221;call-to-action bg-color text-center&#8221; css=&#8221;.vc_custom_1511370241738{padding-top: 20px !important;padding-bottom: 20px !important;}&#8221;][vc_column width=&#8221;2\/3&#8243;][\/vc_column][vc_column width=&#8221;1\/3&#8243; css=&#8221;.vc_custom_1511370286685{padding-top: 25px !important;}&#8221;][\/vc_column][\/vc_row]\" \/>\n<meta property=\"og:url\" content=\"https:\/\/www.valni-rev.pt\/v\/empresa-2\/\" \/>\n<meta property=\"og:site_name\" content=\"VALNI REV\" \/>\n<meta property=\"article:modified_time\" content=\"2017-12-20T10:13:33+00:00\" \/>\n<meta name=\"twitter:card\" content=\"summary_large_image\" \/>\n<meta name=\"twitter:label1\" content=\"Tempo estimado de leitura\" \/>\n\t<meta name=\"twitter:data1\" content=\"1 minuto\" \/>\n<script type=\"application\/ld+json\" class=\"yoast-schema-graph\">{\"@context\":\"https:\\\/\\\/schema.org\",\"@graph\":[{\"@type\":\"WebPage\",\"@id\":\"https:\\\/\\\/www.valni-rev.pt\\\/v\\\/empresa-2\\\/\",\"url\":\"https:\\\/\\\/www.valni-rev.pt\\\/v\\\/empresa-2\\\/\",\"name\":\"Empresa - VALNI REV\",\"isPartOf\":{\"@id\":\"https:\\\/\\\/www.valni-rev.pt\\\/v\\\/#website\"},\"datePublished\":\"2017-09-13T04:15:48+00:00\",\"dateModified\":\"2017-12-20T10:13:33+00:00\",\"breadcrumb\":{\"@id\":\"https:\\\/\\\/www.valni-rev.pt\\\/v\\\/empresa-2\\\/#breadcrumb\"},\"inLanguage\":\"pt-PT\",\"potentialAction\":[{\"@type\":\"ReadAction\",\"target\":[\"https:\\\/\\\/www.valni-rev.pt\\\/v\\\/empresa-2\\\/\"]}]},{\"@type\":\"BreadcrumbList\",\"@id\":\"https:\\\/\\\/www.valni-rev.pt\\\/v\\\/empresa-2\\\/#breadcrumb\",\"itemListElement\":[{\"@type\":\"ListItem\",\"position\":1,\"name\":\"In\u00edcio\",\"item\":\"https:\\\/\\\/www.valni-rev.pt\\\/v\\\/\"},{\"@type\":\"ListItem\",\"position\":2,\"name\":\"Empresa\"}]},{\"@type\":\"WebSite\",\"@id\":\"https:\\\/\\\/www.valni-rev.pt\\\/v\\\/#website\",\"url\":\"https:\\\/\\\/www.valni-rev.pt\\\/v\\\/\",\"name\":\"VALNI REV\",\"description\":\"Revestimentos\",\"potentialAction\":[{\"@type\":\"SearchAction\",\"target\":{\"@type\":\"EntryPoint\",\"urlTemplate\":\"https:\\\/\\\/www.valni-rev.pt\\\/v\\\/?s={search_term_string}\"},\"query-input\":{\"@type\":\"PropertyValueSpecification\",\"valueRequired\":true,\"valueName\":\"search_term_string\"}}],\"inLanguage\":\"pt-PT\"}]}<\/script>\n<!-- \/ Yoast SEO plugin. -->","yoast_head_json":{"title":"Empresa - VALNI REV","robots":{"index":"index","follow":"follow","max-snippet":"max-snippet:-1","max-image-preview":"max-image-preview:large","max-video-preview":"max-video-preview:-1"},"canonical":"https:\/\/www.valni-rev.pt\/v\/empresa-2\/","og_locale":"pt_PT","og_type":"article","og_title":"Empresa - VALNI REV","og_description":"[vc_row fullwidth=&#8221;yes&#8221; css=&#8221;.vc_custom_1474447018555{background-position: 0 0 !important;background-repeat: no-repeat !important;}&#8221; el_class=&#8221;side-bg no-padding&#8221;][vc_column][\/vc_column][\/vc_row][vc_row el_class=&#8221;call-to-action bg-color text-center&#8221; css=&#8221;.vc_custom_1511370241738{padding-top: 20px !important;padding-bottom: 20px !important;}&#8221;][vc_column width=&#8221;2\/3&#8243;][\/vc_column][vc_column width=&#8221;1\/3&#8243; css=&#8221;.vc_custom_1511370286685{padding-top: 25px !important;}&#8221;][\/vc_column][\/vc_row]","og_url":"https:\/\/www.valni-rev.pt\/v\/empresa-2\/","og_site_name":"VALNI REV","article_modified_time":"2017-12-20T10:13:33+00:00","twitter_card":"summary_large_image","twitter_misc":{"Tempo estimado de leitura":"1 minuto"},"schema":{"@context":"https:\/\/schema.org","@graph":[{"@type":"WebPage","@id":"https:\/\/www.valni-rev.pt\/v\/empresa-2\/","url":"https:\/\/www.valni-rev.pt\/v\/empresa-2\/","name":"Empresa - VALNI REV","isPartOf":{"@id":"https:\/\/www.valni-rev.pt\/v\/#website"},"datePublished":"2017-09-13T04:15:48+00:00","dateModified":"2017-12-20T10:13:33+00:00","breadcrumb":{"@id":"https:\/\/www.valni-rev.pt\/v\/empresa-2\/#breadcrumb"},"inLanguage":"pt-PT","potentialAction":[{"@type":"ReadAction","target":["https:\/\/www.valni-rev.pt\/v\/empresa-2\/"]}]},{"@type":"BreadcrumbList","@id":"https:\/\/www.valni-rev.pt\/v\/empresa-2\/#breadcrumb","itemListElement":[{"@type":"ListItem","position":1,"name":"In\u00edcio","item":"https:\/\/www.valni-rev.pt\/v\/"},{"@type":"ListItem","position":2,"name":"Empresa"}]},{"@type":"WebSite","@id":"https:\/\/www.valni-rev.pt\/v\/#website","url":"https:\/\/www.valni-rev.pt\/v\/","name":"VALNI REV","description":"Revestimentos","potentialAction":[{"@type":"SearchAction","target":{"@type":"EntryPoint","urlTemplate":"https:\/\/www.valni-rev.pt\/v\/?s={search_term_string}"},"query-input":{"@type":"PropertyValueSpecification","valueRequired":true,"valueName":"search_term_string"}}],"inLanguage":"pt-PT"}]}},"_links":{"self":[{"href":"http:\/\/www.valni-rev.pt\/v\/wp-json\/wp\/v2\/pages\/110","targetHints":{"allow":["GET"]}}],"collection":[{"href":"http:\/\/www.valni-rev.pt\/v\/wp-json\/wp\/v2\/pages"}],"about":[{"href":"http:\/\/www.valni-rev.pt\/v\/wp-json\/wp\/v2\/types\/page"}],"author":[{"embeddable":true,"href":"http:\/\/www.valni-rev.pt\/v\/wp-json\/wp\/v2\/users\/1"}],"replies":[{"embeddable":true,"href":"http:\/\/www.valni-rev.pt\/v\/wp-json\/wp\/v2\/comments?post=110"}],"version-history":[{"count":4,"href":"http:\/\/www.valni-rev.pt\/v\/wp-json\/wp\/v2\/pages\/110\/revisions"}],"predecessor-version":[{"id":982,"href":"http:\/\/www.valni-rev.pt\/v\/wp-json\/wp\/v2\/pages\/110\/revisions\/982"}],"wp:attachment":[{"href":"http:\/\/www.valni-rev.pt\/v\/wp-json\/wp\/v2\/media?parent=110"}],"curies":[{"name":"wp","href":"https:\/\/api.w.org\/{rel}","templated":true}]}}